
{"id":352,"date":"2020-03-16T21:40:13","date_gmt":"2020-03-16T20:40:13","guid":{"rendered":"https:\/\/www.rebalance.ch\/?page_id=352"},"modified":"2025-11-03T19:49:38","modified_gmt":"2025-11-03T18:49:38","slug":"home","status":"publish","type":"page","link":"https:\/\/www.rebalance.ch\/","title":{"rendered":"Rebalance Massage und energetisches Heilen, Z\u00fcrich"},"content":{"rendered":"\n<p class=\"has-medium-font-size\">Nach 30 wundervollen, intensiven und erf\u00fcllten Jahren geht f\u00fcr mich ein bedeutendes Kapitel zu Ende. Ich habe meine Praxis an der Kuttelgasse auf Ende November gek\u00fcndigt. Es ist gut m\u00f6glich, dass ich zwischendurch oder zu einem sp\u00e4teren Zeitpunkt wieder praktizieren werde. Wenn das der Fall ist, werdet Ihr rechtzeitig hier dar\u00fcber informiert und k\u00f6nnt Euch wie gewohnt online anmelden. <br><br>Ich trage euch alle in meinem Herzen und bin zutiefst dankbar f\u00fcr diese gemeinsame Zeit.<br>Mit liebevollen Gr\u00fcssen, Darija<\/p>\n\n\n\n<p><\/p>\n\n\n<div class=\"wp-block-image\">\n<figure class=\"alignleft size-large is-resized\"><img loading=\"lazy\" decoding=\"async\" width=\"1024\" height=\"682\" src=\"https:\/\/www.rebalance.ch\/wp-content\/uploads\/2012\/03\/IMG_0751-1024x682.jpg\" alt=\"\" class=\"wp-image-273\" style=\"width:656px;height:436px\" srcset=\"https:\/\/www.rebalance.ch\/wp-content\/uploads\/2012\/03\/IMG_0751-1024x682.jpg 1024w, https:\/\/www.rebalance.ch\/wp-content\/uploads\/2012\/03\/IMG_0751-300x200.jpg 300w\" sizes=\"auto, (max-width: 1024px) 100vw, 1024px\" \/><\/figure>\n<\/div>\n\n\n<iframe loading=\"lazy\" frameborder=\"0\" height=\"715px\" src=\"https:\/\/www.sanasearch.ch\/coach_toolkit_booking\/darija-lencel\/?lang=de\" width=\"100%\" style=\"display: inline-block;\"><\/iframe>\n","protected":false},"excerpt":{"rendered":"<p>Nach 30 wundervollen, intensiven und erf\u00fcllten Jahren geht f\u00fcr mich ein bedeutendes Kapitel zu Ende. Ich habe meine Praxis an<\/p>\n<div class=\"read-button read_more_btn_text\"><a class=\"read_more\" href=\"https:\/\/www.rebalance.ch\/\">Read Now<span class=\"arrow_readm\"> &#x25BA;<\/span><\/a><\/div>\n","protected":false},"author":2,"featured_media":239,"parent":0,"menu_order":0,"comment_status":"closed","ping_status":"closed","template":"template-fullwidth.php","meta":{"footnotes":""},"class_list":["post-352","page","type-page","status-publish","has-post-thumbnail","hentry"],"_links":{"self":[{"href":"https:\/\/www.rebalance.ch\/index.php?rest_route=\/wp\/v2\/pages\/352","targetHints":{"allow":["GET"]}}],"collection":[{"href":"https:\/\/www.rebalance.ch\/index.php?rest_route=\/wp\/v2\/pages"}],"about":[{"href":"https:\/\/www.rebalance.ch\/index.php?rest_route=\/wp\/v2\/types\/page"}],"author":[{"embeddable":true,"href":"https:\/\/www.rebalance.ch\/index.php?rest_route=\/wp\/v2\/users\/2"}],"replies":[{"embeddable":true,"href":"https:\/\/www.rebalance.ch\/index.php?rest_route=%2Fwp%2Fv2%2Fcomments&post=352"}],"version-history":[{"count":16,"href":"https:\/\/www.rebalance.ch\/index.php?rest_route=\/wp\/v2\/pages\/352\/revisions"}],"predecessor-version":[{"id":423,"href":"https:\/\/www.rebalance.ch\/index.php?rest_route=\/wp\/v2\/pages\/352\/revisions\/423"}],"wp:featuredmedia":[{"embeddable":true,"href":"https:\/\/www.rebalance.ch\/index.php?rest_route=\/wp\/v2\/media\/239"}],"wp:attachment":[{"href":"https:\/\/www.rebalance.ch\/index.php?rest_route=%2Fwp%2Fv2%2Fmedia&parent=352"}],"curies":[{"name":"wp","href":"https:\/\/api.w.org\/{rel}","templated":true}]}}