
{"id":27,"date":"2012-01-11T22:52:49","date_gmt":"2012-01-11T21:52:49","guid":{"rendered":"http:\/\/www.rebalance.ch\/wptest\/?page_id=27"},"modified":"2012-03-19T20:41:17","modified_gmt":"2012-03-19T19:41:17","slug":"behandlungen","status":"publish","type":"page","link":"https:\/\/www.rebalance.ch\/?page_id=27","title":{"rendered":"Lymphdrainage"},"content":{"rendered":"<p>Bei der manuellen Lymphdrainage massiert man mit sanften Pump-, Dreh und Sch\u00f6pfgriffen das Untergewebe in Richtung des Lymphflusses. Dadurch wird die Motorik der Lymphgef\u00e4sse angeregt und der Abtransport \u00fcbersch\u00fcssiger Gewebefl\u00fcssigkeit erreicht.<\/p>\n<p><a href=\"http:\/\/www.rebalance.ch\/wp-content\/uploads\/2012\/01\/IMG_0770.jpg\"><img loading=\"lazy\" decoding=\"async\" title=\"IMG_0770\" src=\"http:\/\/www.rebalance.ch\/wp-content\/uploads\/2012\/01\/IMG_0770-300x200.jpg\" alt=\"\" width=\"300\" height=\"200\" \/><\/a><\/p>\n<p>Die Lymphdrainage hilft bei<\/p>\n<ul>\n<li>Zerrungen, Verstauchungen und Operationen<\/li>\n<li>intensiver sportlichen Bet\u00e4tigung (Marathon, Leistungssport)<\/li>\n<li>schwangerschaftsbedingten Wassereinlagerung in den Beinen<\/li>\n<li>Lymphknotenentnahme<\/li>\n<\/ul>\n","protected":false},"excerpt":{"rendered":"<p>Bei der manuellen Lymphdrainage massiert man mit sanften Pump-, Dreh und Sch\u00f6pfgriffen das Untergewebe in Richtung des Lymphflusses. Dadurch wird<\/p>\n<div class=\"read-button read_more_btn_text\"><a class=\"read_more\" href=\"https:\/\/www.rebalance.ch\/?page_id=27\">Read Now<span class=\"arrow_readm\"> &#x25BA;<\/span><\/a><\/div>\n","protected":false},"author":1,"featured_media":0,"parent":19,"menu_order":4,"comment_status":"closed","ping_status":"closed","template":"","meta":{"footnotes":""},"class_list":["post-27","page","type-page","status-publish","hentry"],"_links":{"self":[{"href":"https:\/\/www.rebalance.ch\/index.php?rest_route=\/wp\/v2\/pages\/27","targetHints":{"allow":["GET"]}}],"collection":[{"href":"https:\/\/www.rebalance.ch\/index.php?rest_route=\/wp\/v2\/pages"}],"about":[{"href":"https:\/\/www.rebalance.ch\/index.php?rest_route=\/wp\/v2\/types\/page"}],"author":[{"embeddable":true,"href":"https:\/\/www.rebalance.ch\/index.php?rest_route=\/wp\/v2\/users\/1"}],"replies":[{"embeddable":true,"href":"https:\/\/www.rebalance.ch\/index.php?rest_route=%2Fwp%2Fv2%2Fcomments&post=27"}],"version-history":[{"count":9,"href":"https:\/\/www.rebalance.ch\/index.php?rest_route=\/wp\/v2\/pages\/27\/revisions"}],"predecessor-version":[{"id":280,"href":"https:\/\/www.rebalance.ch\/index.php?rest_route=\/wp\/v2\/pages\/27\/revisions\/280"}],"up":[{"embeddable":true,"href":"https:\/\/www.rebalance.ch\/index.php?rest_route=\/wp\/v2\/pages\/19"}],"wp:attachment":[{"href":"https:\/\/www.rebalance.ch\/index.php?rest_route=%2Fwp%2Fv2%2Fmedia&parent=27"}],"curies":[{"name":"wp","href":"https:\/\/api.w.org\/{rel}","templated":true}]}}