
{"id":25,"date":"2012-01-11T22:52:39","date_gmt":"2012-01-11T21:52:39","guid":{"rendered":"http:\/\/www.rebalance.ch\/wptest\/?page_id=25"},"modified":"2022-08-13T15:42:44","modified_gmt":"2022-08-13T13:42:44","slug":"akupressur","status":"publish","type":"page","link":"https:\/\/www.rebalance.ch\/?page_id=25","title":{"rendered":"Jin Shin Jyutsu &#8211; Physio-Philosophie"},"content":{"rendered":"<p>Seit 2001 bin ich als Jin Shin Jyutsu\u00ae Praktikerin t\u00e4tig.<\/p>\n<p>Jin Shin Jyutsu\u00ae\u00a0ist eine mehrere tausend Jahre alte Kunst zur Harmonisierung der Lebensenergie im K\u00f6rper.\u00a0 Beim Jin Shin Jyutsu werden so genannte Energieschl\u00f6sser durch gezieltes Handauflegen (\u00fcber die Kleider) &#8222;ge\u00f6ffnet&#8220;. Dadurch wird das Immunsystem gest\u00e4rkt, Energieblockaden werden gel\u00f6st, das Wohlbefinden wird augenblicklich verbessert und Heilung wird m\u00f6glich.<\/p>\n<p><a href=\"http:\/\/www.rebalance.ch\/wp-content\/uploads\/2012\/01\/IMG_0697.jpg\"><img loading=\"lazy\" decoding=\"async\" class=\"alignnone size-medium wp-image-196\" title=\"IMG_0697\" src=\"http:\/\/www.rebalance.ch\/wp-content\/uploads\/2012\/01\/IMG_0697-300x200.jpg\" alt=\"\" width=\"300\" height=\"200\" srcset=\"https:\/\/www.rebalance.ch\/wp-content\/uploads\/2012\/01\/IMG_0697-300x200.jpg 300w, https:\/\/www.rebalance.ch\/wp-content\/uploads\/2012\/01\/IMG_0697-1024x682.jpg 1024w\" sizes=\"auto, (max-width: 300px) 100vw, 300px\" \/><\/a><\/p>\n<p>Zu empfehlen bei:<\/p>\n<ul>\n<li>Stress Burnout<\/li>\n<li>Allen Gesundheitsst\u00f6rungen<\/li>\n<li>Sorgen, Angst Wut, Trauer und Bem\u00fchungen<\/li>\n<\/ul>\n","protected":false},"excerpt":{"rendered":"<p>Seit 2001 bin ich als Jin Shin Jyutsu\u00ae Praktikerin t\u00e4tig. Jin Shin Jyutsu\u00ae\u00a0ist eine mehrere tausend Jahre alte Kunst zur<\/p>\n<div class=\"read-button read_more_btn_text\"><a class=\"read_more\" href=\"https:\/\/www.rebalance.ch\/?page_id=25\">Read Now<span class=\"arrow_readm\"> &#x25BA;<\/span><\/a><\/div>\n","protected":false},"author":1,"featured_media":0,"parent":19,"menu_order":2,"comment_status":"closed","ping_status":"closed","template":"","meta":{"footnotes":""},"class_list":["post-25","page","type-page","status-publish","hentry"],"_links":{"self":[{"href":"https:\/\/www.rebalance.ch\/index.php?rest_route=\/wp\/v2\/pages\/25","targetHints":{"allow":["GET"]}}],"collection":[{"href":"https:\/\/www.rebalance.ch\/index.php?rest_route=\/wp\/v2\/pages"}],"about":[{"href":"https:\/\/www.rebalance.ch\/index.php?rest_route=\/wp\/v2\/types\/page"}],"author":[{"embeddable":true,"href":"https:\/\/www.rebalance.ch\/index.php?rest_route=\/wp\/v2\/users\/1"}],"replies":[{"embeddable":true,"href":"https:\/\/www.rebalance.ch\/index.php?rest_route=%2Fwp%2Fv2%2Fcomments&post=25"}],"version-history":[{"count":17,"href":"https:\/\/www.rebalance.ch\/index.php?rest_route=\/wp\/v2\/pages\/25\/revisions"}],"predecessor-version":[{"id":396,"href":"https:\/\/www.rebalance.ch\/index.php?rest_route=\/wp\/v2\/pages\/25\/revisions\/396"}],"up":[{"embeddable":true,"href":"https:\/\/www.rebalance.ch\/index.php?rest_route=\/wp\/v2\/pages\/19"}],"wp:attachment":[{"href":"https:\/\/www.rebalance.ch\/index.php?rest_route=%2Fwp%2Fv2%2Fmedia&parent=25"}],"curies":[{"name":"wp","href":"https:\/\/api.w.org\/{rel}","templated":true}]}}