
{"id":23,"date":"2012-01-11T22:52:29","date_gmt":"2012-01-11T21:52:29","guid":{"rendered":"http:\/\/www.rebalance.ch\/wptest\/?page_id=23"},"modified":"2020-03-04T19:29:57","modified_gmt":"2020-03-04T18:29:57","slug":"massagen","status":"publish","type":"page","link":"https:\/\/www.rebalance.ch\/?page_id=23","title":{"rendered":"Spirituelles und energetisches Heilen"},"content":{"rendered":"<p>Ich verbinde mich mit meinem Geistf\u00fchrer und mit Erzengel Metatron und diene somit als Kanal f\u00fcr die transformierende Heilenergie, die durch meine H\u00e4nde auf die Behandelnde Person \u00fcbergeht.<\/p>\n<p>Eine spirituelle Heilung ist ganau das Richtige f\u00fcr dich, wenn du dich blockiert und ungl\u00fccklich f\u00fchlst und an k\u00f6rperliche Symptomen leidest.<\/p>\n<p>Dein Herz wird ge\u00f6ffnet , die Energie erh\u00f6ht sich, Gedanken werden transformiert, Ursachen und Symptome verschwinden zum gegebenen Zeitpunkt und du erlebst das tiefe Gef\u00fchl von Frieden und Einheit.<\/p>\n<p>Meine Arbeit dient der Aktivierung der Selbstheilungskr\u00e4fte und ersetzt keinen Arzt.<\/p>\n<p style=\"padding-left: 30px;\"><strong>\u00a0<\/strong><\/p>\n<p><strong>\u00a0<\/strong><\/p>\n<div><\/div>\n","protected":false},"excerpt":{"rendered":"<p>Ich verbinde mich mit meinem Geistf\u00fchrer und mit Erzengel Metatron und diene somit als Kanal f\u00fcr die transformierende Heilenergie, die<\/p>\n<div class=\"read-button read_more_btn_text\"><a class=\"read_more\" href=\"https:\/\/www.rebalance.ch\/?page_id=23\">Read Now<span class=\"arrow_readm\"> &#x25BA;<\/span><\/a><\/div>\n","protected":false},"author":1,"featured_media":0,"parent":19,"menu_order":6,"comment_status":"closed","ping_status":"closed","template":"","meta":{"footnotes":""},"class_list":["post-23","page","type-page","status-publish","hentry"],"_links":{"self":[{"href":"https:\/\/www.rebalance.ch\/index.php?rest_route=\/wp\/v2\/pages\/23","targetHints":{"allow":["GET"]}}],"collection":[{"href":"https:\/\/www.rebalance.ch\/index.php?rest_route=\/wp\/v2\/pages"}],"about":[{"href":"https:\/\/www.rebalance.ch\/index.php?rest_route=\/wp\/v2\/types\/page"}],"author":[{"embeddable":true,"href":"https:\/\/www.rebalance.ch\/index.php?rest_route=\/wp\/v2\/users\/1"}],"replies":[{"embeddable":true,"href":"https:\/\/www.rebalance.ch\/index.php?rest_route=%2Fwp%2Fv2%2Fcomments&post=23"}],"version-history":[{"count":19,"href":"https:\/\/www.rebalance.ch\/index.php?rest_route=\/wp\/v2\/pages\/23\/revisions"}],"predecessor-version":[{"id":344,"href":"https:\/\/www.rebalance.ch\/index.php?rest_route=\/wp\/v2\/pages\/23\/revisions\/344"}],"up":[{"embeddable":true,"href":"https:\/\/www.rebalance.ch\/index.php?rest_route=\/wp\/v2\/pages\/19"}],"wp:attachment":[{"href":"https:\/\/www.rebalance.ch\/index.php?rest_route=%2Fwp%2Fv2%2Fmedia&parent=23"}],"curies":[{"name":"wp","href":"https:\/\/api.w.org\/{rel}","templated":true}]}}