
{"id":21,"date":"2012-01-11T22:52:16","date_gmt":"2012-01-11T21:52:16","guid":{"rendered":"http:\/\/www.rebalance.ch\/wptest\/?page_id=21"},"modified":"2020-03-04T17:24:50","modified_gmt":"2020-03-04T16:24:50","slug":"spezialitaten","status":"publish","type":"page","link":"https:\/\/www.rebalance.ch\/?page_id=21","title":{"rendered":"Fuss- und Handreflexzonenmassage"},"content":{"rendered":"<p>Reflexzonentherapeute gehen davon aus, dass alle K\u00f6rperteile durch eine Energie miteinander verbunden sind, die durch zehn Leitbahnen vom Kopf bis zu den F\u00fcssen durch den K\u00f6rper fliesst. Zun\u00e4chst wirkt die Reflexzonenbehandlung entspannend und beruhigend. Dar\u00fcber hinaus l\u00e4sst sich \u00fcber die Massage auch ganz direkt auf die jeweils zugeordneten Organe einwirken.<\/p>\n<p><a href=\"http:\/\/www.rebalance.ch\/wp-content\/uploads\/2012\/01\/IMG_08101.jpg\"><img loading=\"lazy\" decoding=\"async\" class=\"alignnone size-medium wp-image-187\" title=\"IMG_0810\" src=\"http:\/\/www.rebalance.ch\/wp-content\/uploads\/2012\/01\/IMG_08101-300x200.jpg\" alt=\"\" width=\"300\" height=\"200\" srcset=\"https:\/\/www.rebalance.ch\/wp-content\/uploads\/2012\/01\/IMG_08101-300x200.jpg 300w, https:\/\/www.rebalance.ch\/wp-content\/uploads\/2012\/01\/IMG_08101-1024x682.jpg 1024w\" sizes=\"auto, (max-width: 300px) 100vw, 300px\" \/><\/a><\/p>\n<p>Hilft bei:<\/p>\n<ul>\n<li>Verdaungs &#8211; und Kreislaufbeschwerden<\/li>\n<li>Kopfschmerzen, R\u00fcckenprobleme<\/li>\n<li>Schlafst\u00f6rungen, chronische M\u00fcdigkeit<\/li>\n<li>Verspannte und schmerzende F\u00fcsse und Zehen<\/li>\n<\/ul>\n<p><strong><br \/>\n<\/strong><\/p>\n","protected":false},"excerpt":{"rendered":"<p>Reflexzonentherapeute gehen davon aus, dass alle K\u00f6rperteile durch eine Energie miteinander verbunden sind, die durch zehn Leitbahnen vom Kopf bis<\/p>\n<div class=\"read-button read_more_btn_text\"><a class=\"read_more\" href=\"https:\/\/www.rebalance.ch\/?page_id=21\">Read Now<span class=\"arrow_readm\"> &#x25BA;<\/span><\/a><\/div>\n","protected":false},"author":1,"featured_media":0,"parent":19,"menu_order":3,"comment_status":"closed","ping_status":"closed","template":"","meta":{"footnotes":""},"class_list":["post-21","page","type-page","status-publish","hentry"],"_links":{"self":[{"href":"https:\/\/www.rebalance.ch\/index.php?rest_route=\/wp\/v2\/pages\/21","targetHints":{"allow":["GET"]}}],"collection":[{"href":"https:\/\/www.rebalance.ch\/index.php?rest_route=\/wp\/v2\/pages"}],"about":[{"href":"https:\/\/www.rebalance.ch\/index.php?rest_route=\/wp\/v2\/types\/page"}],"author":[{"embeddable":true,"href":"https:\/\/www.rebalance.ch\/index.php?rest_route=\/wp\/v2\/users\/1"}],"replies":[{"embeddable":true,"href":"https:\/\/www.rebalance.ch\/index.php?rest_route=%2Fwp%2Fv2%2Fcomments&post=21"}],"version-history":[{"count":14,"href":"https:\/\/www.rebalance.ch\/index.php?rest_route=\/wp\/v2\/pages\/21\/revisions"}],"predecessor-version":[{"id":336,"href":"https:\/\/www.rebalance.ch\/index.php?rest_route=\/wp\/v2\/pages\/21\/revisions\/336"}],"up":[{"embeddable":true,"href":"https:\/\/www.rebalance.ch\/index.php?rest_route=\/wp\/v2\/pages\/19"}],"wp:attachment":[{"href":"https:\/\/www.rebalance.ch\/index.php?rest_route=%2Fwp%2Fv2%2Fmedia&parent=21"}],"curies":[{"name":"wp","href":"https:\/\/api.w.org\/{rel}","templated":true}]}}